{"id":157,"date":"2013-01-27T16:24:41","date_gmt":"2013-01-27T16:24:41","guid":{"rendered":"http:\/\/new.mueller-franken.de\/?page_id=157"},"modified":"2021-01-27T08:41:45","modified_gmt":"2021-01-27T08:41:45","slug":"imprint","status":"publish","type":"page","link":"https:\/\/en.mueller-franken.de\/?page_id=157","title":{"rendered":"Imprint"},"content":{"rendered":"<p style=\"font-weight: bold; margin: 1em 0 0 0;\">Accountable referred \u00a7 6 Teledienstegesetz (TDG):<\/p>\n<p>Johannes M\u00fcller-Franken<\/p>\n<p style=\"font-weight: bold; margin: 1em 0 0 0;\">Atelier:<\/p>\n<p>Vorderer Anger 212, 86899 Landsberg<\/p>\n<p style=\"font-weight: bold; margin: 1em 0 0 0;\">Email:<\/p>\n<p><a href=\"mailto:johannesmuellerfranken@gmx.de\" target=\"_blank\" rel=\"noopener\">johannesmuellerfranken@gmx.de<\/a><\/p>\n<p style=\"font-weight: bold; margin: 1em 0 0 0;\">Reproduction Photos:<\/p>\n<p>Herbert Fischer, Frankfurt am Main K.O.W. M\u00fcller, Frankfurt am Main Markus Witt, Wiesbaden Werner Nitsch, Hamburg Erich M\u00fcller-Gr\u00fcnitz, Aschaffenburg <\/p>\n<p>The entire material on this website, layout, pictures, graphical designs and texts is copyrighted.<\/p>\n<p style=\"font-weight: bold; margin: 1em 0 0 0;\">Website development:\u00a0<a href=\"http:\/\/netwunder.de\/\" target=\"_blank\" rel=\"noopener\">netwunder.de<\/a><\/p>\n","protected":false},"excerpt":{"rendered":"<p>Accountable referred \u00a7 6 Teledienstegesetz (TDG): Johannes M\u00fcller-Franken Atelier: Vorderer Anger 212, 86899 Landsberg Email: johannesmuellerfranken@gmx.de Reproduction Photos: Herbert Fischer, Frankfurt am Main K.O.W. M\u00fcller, Frankfurt am Main Markus Witt, Wiesbaden Werner Nitsch, Hamburg Erich M\u00fcller-Gr\u00fcnitz, Aschaffenburg The entire material on this website, layout, pictures, graphical designs and texts is copyrighted. Website development:\u00a0netwunder.de<\/p>\n","protected":false},"author":1,"featured_media":0,"parent":0,"menu_order":0,"comment_status":"open","ping_status":"open","template":"","meta":{"footnotes":""},"_links":{"self":[{"href":"https:\/\/en.mueller-franken.de\/index.php?rest_route=\/wp\/v2\/pages\/157"}],"collection":[{"href":"https:\/\/en.mueller-franken.de\/index.php?rest_route=\/wp\/v2\/pages"}],"about":[{"href":"https:\/\/en.mueller-franken.de\/index.php?rest_route=\/wp\/v2\/types\/page"}],"author":[{"embeddable":true,"href":"https:\/\/en.mueller-franken.de\/index.php?rest_route=\/wp\/v2\/users\/1"}],"replies":[{"embeddable":true,"href":"https:\/\/en.mueller-franken.de\/index.php?rest_route=%2Fwp%2Fv2%2Fcomments&post=157"}],"version-history":[{"count":11,"href":"https:\/\/en.mueller-franken.de\/index.php?rest_route=\/wp\/v2\/pages\/157\/revisions"}],"predecessor-version":[{"id":340,"href":"https:\/\/en.mueller-franken.de\/index.php?rest_route=\/wp\/v2\/pages\/157\/revisions\/340"}],"wp:attachment":[{"href":"https:\/\/en.mueller-franken.de\/index.php?rest_route=%2Fwp%2Fv2%2Fmedia&parent=157"}],"curies":[{"name":"wp","href":"https:\/\/api.w.org\/{rel}","templated":true}]}}