{"id":154,"date":"2013-01-27T16:23:54","date_gmt":"2013-01-27T16:23:54","guid":{"rendered":"http:\/\/new.mueller-franken.de\/?page_id=154"},"modified":"2016-06-22T08:09:01","modified_gmt":"2016-06-22T08:09:01","slug":"bibliography","status":"publish","type":"page","link":"https:\/\/en.mueller-franken.de\/?page_id=154","title":{"rendered":"Bibliography"},"content":{"rendered":"<div style=\"margin: 0 0 10px 0;\">\n<div style=\"float: left;\">1990<\/div>\n<div style=\"margin-left: 70px;\"><span style=\"margin-left: -0.45em;\">\u201cTrompe l&#8217;oeil\u201d<\/span>, exhibition catalogue Hameln<\/div>\n<\/div>\n<div style=\"margin: 0 0 10px 0;\">\n<div style=\"float: left;\">1991<\/div>\n<div style=\"margin-left: 70px;\"><span style=\"margin-left: -0.45em;\">\u201cDen Mops verdoppeln \u2013 Realismus heute\u201d<\/span>, exhibition catalogue St\u00e4dtische Galerie Viersen<\/div>\n<\/div>\n<div style=\"margin: 0 0 10px 0;\">\n<div style=\"float: left;\">1993<\/div>\n<div style=\"margin-left: 70px;\"><span style=\"margin-left: -0.45em;\">\u201c1. Realismus Triennale\u201d<\/span>, exhibition catalogue K\u00fcnstlersonderbund in Deutschland,<br \/>\nMartin-Gropius-Bau Berlin<\/div>\n<\/div>\n<div style=\"margin: 0 0 10px 0;\">\n<div style=\"float: left;\">1995<\/div>\n<div style=\"margin-left: 70px;\"><span style=\"margin-left: -0.45em;\">\u201cScharfer Blick &#8211; der Deutsche K\u00fcnstlerbund in Bonn\u201d<\/span>, exhibition catalogue Kunst- und Ausstellungshalle der Bundesrepublik Deutschland, Bonn<\/div>\n<\/div>\n<div style=\"margin: 0 0 10px 0;\">\n<div style=\"float: left;\">1998<\/div>\n<div style=\"margin-left: 70px;\"><span style=\"margin-left: -0.45em;\">\u201cJohannes M\u00fcller-Franken\u201d<\/span>, catalogue of solo exhibitions St\u00e4dtische Galerie Viersen &#8211; Emslandmuseum Schlo\u00df Clemenswerth, S\u00f6gel &#8211; Kunstverein Eisenturm, Mainz<\/div>\n<\/div>\n<div style=\"margin: 0 0 10px 0;\">\n<div style=\"float: left;\">2001<\/div>\n<div style=\"margin-left: 70px;\"><span style=\"margin-left: -0.45em;\">\u201cVisionen des Wirklichen\u201d<\/span>, exhibition catalogue St\u00e4dtische Galerie Viersen<\/div>\n<\/div>\n<div style=\"margin: 0 0 10px 0;\">\n<div style=\"float: left;\">2010<\/div>\n<div style=\"margin-left: 70px;\"><span style=\"margin-left: -0.45em;\">\u201cRealismus &#8211; Das Abenteuer der Wirklichkeit\u201d, catalogue to the exhibition of the same name in the Kunsthalle Emden and the Kunsthalle der Hypo-Kulturstiftung M\u00fcnchen<\/span><\/div>\n<\/div>\n<div style=\"margin: 0 0 10px 0;\">\n<div style=\"float: left;\">2010<\/div>\n<div style=\"margin-left: 70px;\"><span style=\"margin-left: -0.45em;\">\u201cFeest der herkenning &#8211; International realisme\u201d, catalogue to the exhibition of the same name in the Kunsthal Rotterdam<\/span><\/div>\n<\/div>\n","protected":false},"excerpt":{"rendered":"<p>1990 \u201cTrompe l&#8217;oeil\u201d, exhibition catalogue Hameln 1991 \u201cDen Mops verdoppeln \u2013 Realismus heute\u201d, exhibition catalogue St\u00e4dtische Galerie Viersen 1993 \u201c1. Realismus Triennale\u201d, exhibition catalogue K\u00fcnstlersonderbund in Deutschland, Martin-Gropius-Bau Berlin 1995 \u201cScharfer Blick &#8211; der Deutsche K\u00fcnstlerbund in Bonn\u201d, exhibition catalogue Kunst- und Ausstellungshalle der Bundesrepublik Deutschland, Bonn 1998 \u201cJohannes M\u00fcller-Franken\u201d, catalogue of solo exhibitions St\u00e4dtische [&hellip;]<\/p>\n","protected":false},"author":1,"featured_media":0,"parent":0,"menu_order":0,"comment_status":"open","ping_status":"open","template":"","meta":{"footnotes":""},"_links":{"self":[{"href":"https:\/\/en.mueller-franken.de\/index.php?rest_route=\/wp\/v2\/pages\/154"}],"collection":[{"href":"https:\/\/en.mueller-franken.de\/index.php?rest_route=\/wp\/v2\/pages"}],"about":[{"href":"https:\/\/en.mueller-franken.de\/index.php?rest_route=\/wp\/v2\/types\/page"}],"author":[{"embeddable":true,"href":"https:\/\/en.mueller-franken.de\/index.php?rest_route=\/wp\/v2\/users\/1"}],"replies":[{"embeddable":true,"href":"https:\/\/en.mueller-franken.de\/index.php?rest_route=%2Fwp%2Fv2%2Fcomments&post=154"}],"version-history":[{"count":6,"href":"https:\/\/en.mueller-franken.de\/index.php?rest_route=\/wp\/v2\/pages\/154\/revisions"}],"predecessor-version":[{"id":294,"href":"https:\/\/en.mueller-franken.de\/index.php?rest_route=\/wp\/v2\/pages\/154\/revisions\/294"}],"wp:attachment":[{"href":"https:\/\/en.mueller-franken.de\/index.php?rest_route=%2Fwp%2Fv2%2Fmedia&parent=154"}],"curies":[{"name":"wp","href":"https:\/\/api.w.org\/{rel}","templated":true}]}}