{"id":152,"date":"2013-01-27T16:23:37","date_gmt":"2013-01-27T16:23:37","guid":{"rendered":"http:\/\/new.mueller-franken.de\/?page_id=152"},"modified":"2025-12-04T11:00:51","modified_gmt":"2025-12-04T11:00:51","slug":"biography","status":"publish","type":"page","link":"https:\/\/en.mueller-franken.de\/?page_id=152","title":{"rendered":"Johannes M\u00fcller-Franken &#8211; Biography"},"content":{"rendered":"<p><main class=\"container\" role=\"main\"><\/p>\n<section aria-labelledby=\"bio-heading\">\n<h2 id=\"bio-heading\">Biografisches<\/h2>\n<dl class=\"timeline\">\n<dt>1960<\/dt>\n<dd>Geboren in Freiburg im Breisgau<\/dd>\n<dt>1980\u201390<\/dt>\n<dd>\n            Studium der Kunsterziehung an der Johannes-Gutenberg-Universit\u00e4t Mainz<br \/>\n            mit Schwerpunkt Film (bis 1986) und Malerei\n          <\/dd>\n<dt>1990\u201392<\/dt>\n<dd>\n            Studium der Freien Bildenden Kunst an der Johannes-Gutenberg-Universit\u00e4t Mainz<br \/>\n            mit Schwerpunkt Malerei\n          <\/dd>\n<\/dl>\n<\/section>\n<section aria-labelledby=\"solo-heading\">\n<h2 id=\"solo-heading\">Solo exhibitions<\/h2>\n<dl class=\"timeline\">\n<dt>1998<\/dt>\n<dd>\n             St\u00e4dtische Galerie im Park, Viersen<br \/>\n             Emslandmuseum Schloss Clemenswerth, S\u00f6gel<br \/>\n             Kunstverein Eisenturm, Mainz\n          <\/dd>\n<dt>2001<\/dt>\n<dd>O.K. Harris Works of Art, New York<\/dd>\n<dt>2009<\/dt>\n<dd>O.K. Harris Works of Art, New York<\/dd>\n<dt>2017<\/dt>\n<dd>Bernaducci.Meisel.Gallery, New York<\/dd>\n<dt>2018<\/dt>\n<dd>Louis K. Meisel Gallery, New York<\/dd>\n<\/dl>\n<\/section>\n<section aria-labelledby=\"group-heading\">\n<h2 id=\"group-heading\">Group exhibitions<\/h2>\n<dl class=\"timeline\">\n<dt>1986<\/dt>\n<dd>\n            Galerie Polyprint, Wuppertal<br \/>\n            Kunstpreis der Sparkasse Esslingen<br \/>\n            \u201eKunst 86\u201c, Haus der Kunst, M\u00fcnchen<br \/>\n            Kunstpreis Eisenturm, Mainz\n          <\/dd>\n<dt>1987<\/dt>\n<dd>Kunstpreis der Sparkasse Esslingen; Kunstpreis der Stadt Alpirsbach<\/dd>\n<dt>1988<\/dt>\n<dd>Galerie der Stadt Mainz<\/dd>\n<dt>1989<\/dt>\n<dd>\n            Kunstpreis der Sparkasse Karlsruhe<br \/>\n            Landeskunstausstellung, Rheinisches Landesmuseum Trier<br \/>\n            Kunstpreis der Sport Toto GmbH, Koblenz\n          <\/dd>\n<dt>1990<\/dt>\n<dd>\n            \u201eKunst 90\u201c, Haus der Kunst, M\u00fcnchen<br \/>\n            \u201eTrompe l&#8217;Oeil heute\u201c, Kunstkreis Hameln\n          <\/dd>\n<dt>1991<\/dt>\n<dd>\n            \u201eKunst 91\u201c, Haus der Kunst, M\u00fcnchen<br \/>\n            \u201eDen Mops verdoppeln? &#8211; Realismus heute\u201c, St\u00e4dtische Galerie im Park, Viersen<br \/>\n            Dresdner Bank Zentrale, Frankfurt am Main\n          <\/dd>\n<dt>1992<\/dt>\n<dd>Landeskunstausstellung, Mittelrheinisches Landesmuseum Mainz<\/dd>\n<dt>1993<\/dt>\n<dd>1. Realismus Triennale, Martin-Gropius-Bau, Berlin<\/dd>\n<dt>1995<\/dt>\n<dd>\n            \u201eScharfer Blick &#8211; Der Deutsche K\u00fcnstlerbund in Bonn\u201c,<br \/>\n            Kunst- und Ausstellungshalle der Bundesrepublik Deutschland, Bonn\n          <\/dd>\n<dt>1997<\/dt>\n<dd>\n            \u201eGro\u00dfe Kunstausstellung\u201c, Haus der Kunst, M\u00fcnchen<br \/>\n            \u201eGro\u00dfe Kunstausstellung Nordrhein-Westfalen\u201c<\/span>, Kunstpalast, D\u00fcsseldorf<br \/>\n            Galerie B\u00e4umler, Regensburg\n          <\/dd>\n<dt>1999<\/dt>\n<dd>Galerie B\u00e4umler, Regensburg<\/dd>\n<dt>2001<\/dt>\n<dd>\u201eVisionen des Wirklichen\u201c, St\u00e4dtische Galerie im Park, Viersen<\/dd>\n<dt>2002<\/dt>\n<dd>Chicago Art Fair<\/dd>\n<dt>2009<\/dt>\n<dd>M. A. Doran Gallery, Tulsa, Oklahoma<\/dd>\n<dt>2010<\/dt>\n<dd>\n            \u201eRealismus &#8211; Das Abenteuer der Wirklichkeit\u201c, Kunsthalle Emden<br \/>\n            \u201eRealismus &#8211; Das Abenteuer der Wirklichkeit\u201c, Kunsthalle der Hypo-Kulturstiftung, M\u00fcnchen<br \/>\n            \u201eFeest der herkenning &#8211; Internationaal realisme\u201c, Kunsthal Rotterdam\n          <\/dd>\n<dt>2013<\/dt>\n<dd>\u201eIlluminators\u201c, O.K. Harris Works of Art, New York<\/dd>\n<dt>2015<\/dt>\n<dd>\u201cArt Miami\u201d, Bernaducci.Meisel.Gallery, New York<\/dd>\n<dt>2017<\/dt>\n<dd>\n            \u201cThe Europeans\u201d, Louis K. Meisel Gallery, New York<br \/>\n            \u201cSize doesn&#8217;t matter\u201d, Bernaducci.Meisel.Gallery, New York<br \/>\n            \u201cArt Miami\u201d, Louis K. Meisel Gallery, New York\n          <\/dd>\n<dt>2018<\/dt>\n<dd>\u201cArt Miami\u201d, Louis K. Meisel Gallery, New York<\/dd>\n<dt>2019<\/dt>\n<dd>\n            \u201cPhiladelphia Art Fair\u201d, Louis K. Meisel Gallery, New York<br \/>\n            \u201cArt Miami\u201d, Louis K. Meisel Gallery, New York\n          <\/dd>\n<dt>2020\u201321<\/dt>\n<dd>\u201eArt Miami &#8211; SoHo Edition\u201c, Louis K. Meisel Gallery, New York<\/dd>\n<dt>2021<\/dt>\n<dd>\u201eArt Miami\u201c, Louis K. Meisel Gallery, New York<\/dd>\n<dt>2021\u201322<\/dt>\n<dd>\u201eDusk Till Dawn\u201c, Louis K. Meisel Gallery, New York<\/dd>\n<dt>2023<\/dt>\n<dd>\u201eWinter 2023\u201c<\/span>, Louis K. Meisel Gallery, New York<\/dd>\n<dd>\u201eFall Selections\u201c<\/span>, Louis K. Meisel Gallery, New York<\/dd>\n<dt>2024<\/dt>\n<dd>\n            \u201eVisualizing Schubert\u201c, Louis K. Meisel Gallery, New York<br \/>\n            \u201eSummer Solistice\u201c, Louis K. Meisel Gallery, New York<br \/>\n            \u201eSmall Works\u201c, Louis K. Meisel Gallery, New York<br \/>\n            \u201eScaled-down\u201c, Louis K. Meisel Gallery, New York\n          <\/dd>\n<dt>2025<\/dt>\n<dd>\n             \u201eAfterglow\u201c, Louis K. Meisel Gallery, New York<br \/>\n             \u201eSummer Selection\u201c, Louis K. Meisel Gallery, New York<br \/>\n             \u201ePhotorealism 2025\u201c, Louis K. Meisel Gallery, New York\n          <\/dd>\n<\/dl>\n<\/section>\n<section aria-labelledby=\"awards-heading\">\n<h2 id=\"awards-heading\">Avards\/Honors<\/h2>\n<dl class=\"timeline\">\n<dt>1987<\/dt>\n<dd>\n            1. Preis beim Kunstpreis der Stadt Alpirsbach<br \/>\n            \u201eNach der heftigen Malerei eine neue Sensibilit\u00e4t\u201c\n          <\/dd>\n<dt>1989<\/dt>\n<dd>F\u00f6rderpreis der Sport Toto GmbH Rheinland-Pfalz<\/dd>\n<dt>1994<\/dt>\n<dd>Studienstipendium des Delfina Entrecanales Studio Trust, London<\/dd>\n<\/dl>\n<\/section>\n<p>    <\/main><\/p>\n","protected":false},"excerpt":{"rendered":"<p>Biografisches 1960 Geboren in Freiburg im Breisgau 1980\u201390 Studium der Kunsterziehung an der Johannes-Gutenberg-Universit\u00e4t Mainz mit Schwerpunkt Film (bis 1986) und Malerei 1990\u201392 Studium der Freien Bildenden Kunst an der Johannes-Gutenberg-Universit\u00e4t Mainz mit Schwerpunkt Malerei Solo exhibitions 1998 St\u00e4dtische Galerie im Park, Viersen Emslandmuseum Schloss Clemenswerth, S\u00f6gel Kunstverein Eisenturm, Mainz 2001 O.K. Harris Works of [&hellip;]<\/p>\n","protected":false},"author":1,"featured_media":0,"parent":0,"menu_order":0,"comment_status":"open","ping_status":"open","template":"","meta":{"footnotes":""},"_links":{"self":[{"href":"https:\/\/en.mueller-franken.de\/index.php?rest_route=\/wp\/v2\/pages\/152"}],"collection":[{"href":"https:\/\/en.mueller-franken.de\/index.php?rest_route=\/wp\/v2\/pages"}],"about":[{"href":"https:\/\/en.mueller-franken.de\/index.php?rest_route=\/wp\/v2\/types\/page"}],"author":[{"embeddable":true,"href":"https:\/\/en.mueller-franken.de\/index.php?rest_route=\/wp\/v2\/users\/1"}],"replies":[{"embeddable":true,"href":"https:\/\/en.mueller-franken.de\/index.php?rest_route=%2Fwp%2Fv2%2Fcomments&post=152"}],"version-history":[{"count":26,"href":"https:\/\/en.mueller-franken.de\/index.php?rest_route=\/wp\/v2\/pages\/152\/revisions"}],"predecessor-version":[{"id":401,"href":"https:\/\/en.mueller-franken.de\/index.php?rest_route=\/wp\/v2\/pages\/152\/revisions\/401"}],"wp:attachment":[{"href":"https:\/\/en.mueller-franken.de\/index.php?rest_route=%2Fwp%2Fv2%2Fmedia&parent=152"}],"curies":[{"name":"wp","href":"https:\/\/api.w.org\/{rel}","templated":true}]}}